{"id":7,"date":"2013-10-13T20:00:36","date_gmt":"2013-10-13T20:00:36","guid":{"rendered":"http:\/\/www.vicentejose.cl\/?page_id=7"},"modified":"2019-02-23T13:44:33","modified_gmt":"2019-02-23T13:44:33","slug":"acerca-de","status":"publish","type":"page","link":"http:\/\/www.vicentejose.cl\/?page_id=7","title":{"rendered":"Acerca de"},"content":{"rendered":"<div class=\"fcbkbttn_buttons_block\" id=\"fcbkbttn_left\"><div class=\"fcbkbttn_button\">\n\t\t\t\t\t<a href=\"https:\/\/www.facebook.com\/\" target=\"_blank\">\n\t\t\t\t\t\t<img decoding=\"async\" src=\"http:\/\/www.vicentejose.cl\/wp-content\/plugins\/facebook-button-plugin\/images\/standard-facebook-ico.png\" alt=\"Fb-Button\" \/>\n\t\t\t\t\t<\/a>\n\t\t\t\t<\/div><div class=\"fcbkbttn_like \"><fb:like href=\"http:\/\/www.vicentejose.cl\/?page_id=7\" action=\"like\" colorscheme=\"light\" layout=\"standard\"  width=\"225px\" size=\"small\"><\/fb:like><\/div><\/div><p>Vicente Jos\u00e9 Coci\u00f1a Varas es Licenciado en Artes Visuales con menci\u00f3n en Grabado en la Universidad Finis Terrae. Desde el 2009 ha desarrollado su trabajo principalmente en dibujo, incursionando en el arte contempor\u00e1neo, el c\u00f3mic y la ilustraci\u00f3n. Fue profesor del \u00e1rea de dibujo y tambi\u00e9n del \u00e1rea de teor\u00eda e historia del arte en la Universidad Finis Terrae hasta el 2013. Ha publicado libros de c\u00f3mic, poes\u00eda, \u00a0ilustraci\u00f3n y dibujo de ciudad. Ha realizado variadas exposiciones tanto individuales como colectivas, y participado en ferias en Chile y en el extranjero. En el 2016 y gracias al trabajo realizado en el libro Alameda de ida y vuelta, obtuvo el Premio Amster\/Cor\u00e9 en su menci\u00f3n Ilustraci\u00f3n, y el Premio Municipal de Literatura en la categor\u00eda edici\u00f3n. El 2018 obtuvo el premio a la edici\u00f3n otorgado por la C\u00e1mara chilena del libro por su trabajo Alameda de ida y vuelta 2. Ese mismo a\u00f1o fue becado para cursar el programa anual de Tutor\u00edas Bloc para artistas visuales. Actualmente vive en Santiago y \u00a0es profesor en la carrera de Ilustraci\u00f3n de la escuela de Dise\u00f1o del Instituto Profesional ARCOS.<\/p>\n<p><img loading=\"lazy\" decoding=\"async\" class=\"alignnone wp-image-2902\" src=\"http:\/\/www.vicentejose.cl\/wp-content\/uploads\/2013\/10\/para-acerca-de-1024x972.jpg\" alt=\"\" width=\"765\" height=\"726\" srcset=\"http:\/\/www.vicentejose.cl\/wp-content\/uploads\/2013\/10\/para-acerca-de-1024x972.jpg 1024w, http:\/\/www.vicentejose.cl\/wp-content\/uploads\/2013\/10\/para-acerca-de-300x285.jpg 300w, http:\/\/www.vicentejose.cl\/wp-content\/uploads\/2013\/10\/para-acerca-de-768x729.jpg 768w, http:\/\/www.vicentejose.cl\/wp-content\/uploads\/2013\/10\/para-acerca-de.jpg 1388w\" sizes=\"auto, (max-width: 765px) 100vw, 765px\" \/><\/p>\n<p>CONTACTO:<\/p>\n<p>Mail: vjcocina@gmail.com<\/p>\n<p>Tel\u00e9fono celular: +56 9 95293464<\/p>\n<p>Instagram: vicentejose_c<\/p>\n","protected":false},"excerpt":{"rendered":"<p>Vicente Jos\u00e9 Coci\u00f1a Varas es Licenciado en Artes Visuales con menci\u00f3n en Grabado en la Universidad Finis Terrae. Desde el 2009 ha desarrollado su trabajo principalmente en dibujo, incursionando en el arte contempor\u00e1neo, el c\u00f3mic y la ilustraci\u00f3n. Fue profesor del \u00e1rea de dibujo y tambi\u00e9n del \u00e1rea de teor\u00eda e historia del arte en [&hellip;]<\/p>\n","protected":false},"author":1,"featured_media":0,"parent":0,"menu_order":0,"comment_status":"open","ping_status":"open","template":"","meta":{"footnotes":""},"class_list":["post-7","page","type-page","status-publish","hentry"],"_links":{"self":[{"href":"http:\/\/www.vicentejose.cl\/index.php?rest_route=\/wp\/v2\/pages\/7","targetHints":{"allow":["GET"]}}],"collection":[{"href":"http:\/\/www.vicentejose.cl\/index.php?rest_route=\/wp\/v2\/pages"}],"about":[{"href":"http:\/\/www.vicentejose.cl\/index.php?rest_route=\/wp\/v2\/types\/page"}],"author":[{"embeddable":true,"href":"http:\/\/www.vicentejose.cl\/index.php?rest_route=\/wp\/v2\/users\/1"}],"replies":[{"embeddable":true,"href":"http:\/\/www.vicentejose.cl\/index.php?rest_route=%2Fwp%2Fv2%2Fcomments&post=7"}],"version-history":[{"count":10,"href":"http:\/\/www.vicentejose.cl\/index.php?rest_route=\/wp\/v2\/pages\/7\/revisions"}],"predecessor-version":[{"id":3246,"href":"http:\/\/www.vicentejose.cl\/index.php?rest_route=\/wp\/v2\/pages\/7\/revisions\/3246"}],"wp:attachment":[{"href":"http:\/\/www.vicentejose.cl\/index.php?rest_route=%2Fwp%2Fv2%2Fmedia&parent=7"}],"curies":[{"name":"wp","href":"https:\/\/api.w.org\/{rel}","templated":true}]}}